{"id":76,"date":"2025-11-22T14:03:39","date_gmt":"2025-11-22T18:03:39","guid":{"rendered":"https:\/\/lajoiedesfinances.com\/WP2015\/?page_id=76"},"modified":"2025-11-22T14:03:40","modified_gmt":"2025-11-22T18:03:40","slug":"limitations-de-responsabilite","status":"publish","type":"page","link":"https:\/\/lajoiedesfinances.com\/WP2015\/limitations-de-responsabilite\/","title":{"rendered":"Limitations de responsabilit\u00e9"},"content":{"rendered":"\n<p><strong><u>Fonds communs de placement et produits du march\u00e9 dispens\u00e9<\/u><\/strong><\/p>\n\n\n\n<p><em>Les fonds communs de placement sont offerts par l\u2019interm\u00e9diaire d\u2019Investia Services financiers inc. (\u00ab Investia \u00bb).<\/em><\/p>\n\n\n\n<p><em>Les placements dans des fonds communs de placement\/produits du march\u00e9 dispens\u00e9\/fonds n\u00e9goci\u00e9s en bourse peuvent donner lieu \u00e0 des commissions, des commissions de suivi, des frais de gestion et d\u2019autres frais. Veuillez lire attentivement l\u2019aper\u00e7u du fonds ou le prospectus avant de faire un placement. Les placements dans des fonds communs de placement, les produits du march\u00e9 dispens\u00e9 et les fonds n\u00e9goci\u00e9s en bourse ne sont pas garantis, leur valeur fluctue souvent et leur rendement pass\u00e9 n&rsquo;est pas indicatif de leur rendement futur.<\/em><\/p>\n\n\n\n<p><strong><u>Assurance&nbsp;:<\/u><\/strong><\/p>\n\n\n\n<p><em>Les produits d\u2019assurance sont offerts par l\u2019interm\u00e9diaire d&rsquo;Agenz<\/em>.<\/p>\n\n\n\n<p><\/p>\n\n\n\n<p><strong><u>Fonds distincts<\/u>\u00a0<\/strong><\/p>\n\n\n\n<p><em>Les produits de fonds distincts sont offerts par l\u2019interm\u00e9diaire de plusieurs agents g\u00e9n\u00e9raux.<\/em><\/p>\n\n\n\n<p><em>Sous r\u00e9serve de toute garantie applicable \u00e0 la prestation de d\u00e9c\u00e8s, toute partie de la prime, ou toute autre somme affect\u00e9e \u00e0 un fonds distinct, est investie au risque du titulaire de la police et sa valeur peut augmenter ou diminuer selon les fluctuations de la valeur marchande de l\u2019actif du fonds distinct.<\/em><\/p>\n\n\n\n<p><strong><u>Placements garantis<\/u><\/strong><\/p>\n\n\n\n<p><em>Les placements garantis sont offerts par l\u2019interm\u00e9diaire d\u2019Investia Services financiers inc. et\/ou de plusieurs \u00e9metteurs.<\/em><\/p>\n\n\n\n<p><\/p>\n\n\n\n<p><\/p>\n","protected":false},"excerpt":{"rendered":"<p>Fonds communs de placement et produits du march\u00e9 dispens\u00e9 Les fonds communs de placement sont offerts par l\u2019interm\u00e9diaire d\u2019Investia Services financiers inc. (\u00ab Investia \u00bb). Les placements dans des fonds communs de placement\/produits du march\u00e9 dispens\u00e9\/fonds n\u00e9goci\u00e9s en bourse peuvent donner lieu \u00e0 des commissions, des commissions de suivi, des frais de gestion et d\u2019autres&hellip;<\/p>\n","protected":false},"author":3,"featured_media":0,"parent":0,"menu_order":0,"comment_status":"closed","ping_status":"closed","template":"","meta":[],"yoast_head":"<!-- This site is optimized with the Yoast SEO plugin v14.7 - https:\/\/yoast.com\/wordpress\/plugins\/seo\/ -->\n<meta name=\"robots\" content=\"index, follow\" \/>\n<meta name=\"googlebot\" content=\"index, follow, max-snippet:-1, max-image-preview:large, max-video-preview:-1\" \/>\n<meta name=\"bingbot\" content=\"index, follow, max-snippet:-1, max-image-preview:large, max-video-preview:-1\" \/>\n<link rel=\"canonical\" href=\"https:\/\/lajoiedesfinances.com\/WP2015\/limitations-de-responsabilite\/\" \/>\n<meta property=\"og:locale\" content=\"fr_FR\" \/>\n<meta property=\"og:type\" content=\"article\" \/>\n<meta property=\"og:title\" content=\"Limitations de responsabilit\u00e9 - Lajoie des Finances Inc.\" \/>\n<meta property=\"og:description\" content=\"Fonds communs de placement et produits du march\u00e9 dispens\u00e9 Les fonds communs de placement sont offerts par l\u2019interm\u00e9diaire d\u2019Investia Services financiers inc. (\u00ab Investia \u00bb). Les placements dans des fonds communs de placement\/produits du march\u00e9 dispens\u00e9\/fonds n\u00e9goci\u00e9s en bourse peuvent donner lieu \u00e0 des commissions, des commissions de suivi, des frais de gestion et d\u2019autres&hellip;\" \/>\n<meta property=\"og:url\" content=\"https:\/\/lajoiedesfinances.com\/WP2015\/limitations-de-responsabilite\/\" \/>\n<meta property=\"og:site_name\" content=\"Lajoie des Finances Inc.\" \/>\n<meta property=\"article:modified_time\" content=\"2025-11-22T18:03:40+00:00\" \/>\n<meta name=\"twitter:card\" content=\"summary\" \/>\n<script type=\"application\/ld+json\" class=\"yoast-schema-graph\">{\"@context\":\"https:\/\/schema.org\",\"@graph\":[{\"@type\":\"WebSite\",\"@id\":\"https:\/\/lajoiedesfinances.com\/WP2015\/#website\",\"url\":\"https:\/\/lajoiedesfinances.com\/WP2015\/\",\"name\":\"Lajoie des Finances Inc.\",\"description\":\"Cabinet de services financiers\",\"potentialAction\":[{\"@type\":\"SearchAction\",\"target\":\"https:\/\/lajoiedesfinances.com\/WP2015\/?s={search_term_string}\",\"query-input\":\"required name=search_term_string\"}],\"inLanguage\":\"fr-FR\"},{\"@type\":\"WebPage\",\"@id\":\"https:\/\/lajoiedesfinances.com\/WP2015\/limitations-de-responsabilite\/#webpage\",\"url\":\"https:\/\/lajoiedesfinances.com\/WP2015\/limitations-de-responsabilite\/\",\"name\":\"Limitations de responsabilit\\u00e9 - Lajoie des Finances Inc.\",\"isPartOf\":{\"@id\":\"https:\/\/lajoiedesfinances.com\/WP2015\/#website\"},\"datePublished\":\"2025-11-22T18:03:39+00:00\",\"dateModified\":\"2025-11-22T18:03:40+00:00\",\"inLanguage\":\"fr-FR\",\"potentialAction\":[{\"@type\":\"ReadAction\",\"target\":[\"https:\/\/lajoiedesfinances.com\/WP2015\/limitations-de-responsabilite\/\"]}]}]}<\/script>\n<!-- \/ Yoast SEO plugin. -->","_links":{"self":[{"href":"https:\/\/lajoiedesfinances.com\/WP2015\/wp-json\/wp\/v2\/pages\/76"}],"collection":[{"href":"https:\/\/lajoiedesfinances.com\/WP2015\/wp-json\/wp\/v2\/pages"}],"about":[{"href":"https:\/\/lajoiedesfinances.com\/WP2015\/wp-json\/wp\/v2\/types\/page"}],"author":[{"embeddable":true,"href":"https:\/\/lajoiedesfinances.com\/WP2015\/wp-json\/wp\/v2\/users\/3"}],"replies":[{"embeddable":true,"href":"https:\/\/lajoiedesfinances.com\/WP2015\/wp-json\/wp\/v2\/comments?post=76"}],"version-history":[{"count":1,"href":"https:\/\/lajoiedesfinances.com\/WP2015\/wp-json\/wp\/v2\/pages\/76\/revisions"}],"predecessor-version":[{"id":77,"href":"https:\/\/lajoiedesfinances.com\/WP2015\/wp-json\/wp\/v2\/pages\/76\/revisions\/77"}],"wp:attachment":[{"href":"https:\/\/lajoiedesfinances.com\/WP2015\/wp-json\/wp\/v2\/media?parent=76"}],"curies":[{"name":"wp","href":"https:\/\/api.w.org\/{rel}","templated":true}]}}