{"id":4,"date":"2015-10-31T14:40:05","date_gmt":"2015-10-31T18:40:05","guid":{"rendered":"http:\/\/lajoiedesfinances.com\/WP2015\/?page_id=4"},"modified":"2025-11-22T14:21:41","modified_gmt":"2025-11-22T18:21:41","slug":"accueil","status":"publish","type":"page","link":"http:\/\/lajoiedesfinances.com\/WP2015\/","title":{"rendered":"Accueil"},"content":{"rendered":"<h2>L&rsquo;art de vous simplifier la vie<\/h2>\n<p>Lajoie des Finances Inc. est une entreprise qui vous simplifie la vie au niveau de vos finances, en prenant soin de vous guider et de coordonner l&rsquo;atteinte de vos objectifs, \u00e0 court, moyen et long terme, afin de r\u00e9aliser ce qui est le plus important pour vous, entre autre, votre r\u00e9ussite financi\u00e8re.<\/p>\n<p>Avec l&rsquo;ind\u00e9pendance, le service et le professionnalisme en t\u00eate, notre approche est une conception globale et int\u00e9gr\u00e9e, ainsi qu&rsquo;un service cl\u00e9 en main, tout en vulgarisant le plus possible pour vous aider \u00e0 bien comprendre.<\/p>\n<p>Notre firme est donc sp\u00e9cialis\u00e9e\u00a0dans des concepts connus et moins connus qui peuvent vous faire \u00e9pargner beaucoup d&rsquo;imp\u00f4ts, d&rsquo;argent et d&rsquo;inconv\u00e9nients, en plus de vous aider dans toutes les facettes de votre planification financi\u00e8re.<\/p>\n<h3 style=\"text-align: left;\"><em>Saviez-vous que la s\u00e9curit\u00e9 financi\u00e8re diminue les maladies et augmente l&rsquo;esp\u00e9rance de vie?<\/em><\/h3>\n<p><strong>Lajoie des Finances Inc.<\/strong><br \/>\nCabinet de services financiers<br \/>\n70 Grand Boulevard<br \/>\nIle-Perrot, Qc\u00a0\u00a0 J7V 4W5<br \/>\nT\u00e9l: 514-892-4433, Fax: 514-425-6905<br \/>\n<a href=\"mailto:pmasse@whitemont.com\">pmasse@whitemont.com<\/a><\/p>\n<p><em>Ce site internet ne s&rsquo;adresse qu&rsquo;aux clients r\u00e9sidents du Qu\u00e9bec<\/em><\/p>\n<p><em>Les fonds communs de placement sont offerts par l\u2019interm\u00e9diaire d\u2019Investia Services financiers inc. Les renseignements pr\u00e9sent\u00e9s ont \u00e9t\u00e9 obtenus de sources que nous estimons fiables mais ils ne sont pas garantis par nous et peuvent \u00eatre incomplets. Les opinions expos\u00e9es n\u2019ont pas \u00e9t\u00e9 approuv\u00e9es et ne sont pas endoss\u00e9es par Investia Services Financiers Inc. Le pr\u00e9sent site internet ne doit pas \u00eatre utilis\u00e9 \u00e0 des fins de sollicitation dans un territoire o\u00f9 ce repr\u00e9sentant d\u2019Investia n\u2019est pas inscrit<\/em>.<\/p>\n<p><a href=\"https:\/\/lajoiedesfinances.com\/WP2015\/limitations-de-responsabilite\/\" target=\"_blank\" rel=\"noopener\">La politique de confidentialit\u00e9 d\u2019Investia<\/a><\/p>\n<p><a href=\"https:\/\/lajoiedesfinances.com\/WP2015\/limitations-de-responsabilite\/\" target=\"_blank\" rel=\"noopener\">Limitations de responsabilit\u00e9<\/a><\/p>\n<p><a href=\"http:\/\/lajoiedesfinances.com\/WP2015\/wp-content\/uploads\/2025\/11\/image001_01DBBEB70BB203F0-003.png\"><img decoding=\"async\" loading=\"lazy\" class=\"alignnone size-full wp-image-92\" src=\"http:\/\/lajoiedesfinances.com\/WP2015\/wp-content\/uploads\/2025\/11\/image001_01DBBEB70BB203F0-003.png\" alt=\"\" width=\"125\" height=\"87\" \/><\/a><\/p>\n","protected":false},"excerpt":{"rendered":"<p>L&rsquo;art de vous simplifier la vie Lajoie des Finances Inc. est une entreprise qui vous simplifie la vie au niveau de vos finances, en prenant soin de vous guider et de coordonner l&rsquo;atteinte de vos objectifs, \u00e0 court, moyen et long terme, afin de r\u00e9aliser ce qui est le plus important pour vous, entre autre,&hellip;<\/p>\n","protected":false},"author":1,"featured_media":0,"parent":0,"menu_order":0,"comment_status":"closed","ping_status":"closed","template":"","meta":[],"yoast_head":"<!-- This site is optimized with the Yoast SEO plugin v14.7 - https:\/\/yoast.com\/wordpress\/plugins\/seo\/ -->\n<meta name=\"robots\" content=\"index, follow\" \/>\n<meta name=\"googlebot\" content=\"index, follow, max-snippet:-1, max-image-preview:large, max-video-preview:-1\" \/>\n<meta name=\"bingbot\" content=\"index, follow, max-snippet:-1, max-image-preview:large, max-video-preview:-1\" \/>\n<link rel=\"canonical\" href=\"https:\/\/lajoiedesfinances.com\/WP2015\/\" \/>\n<meta property=\"og:locale\" content=\"fr_FR\" \/>\n<meta property=\"og:type\" content=\"article\" \/>\n<meta property=\"og:title\" content=\"Accueil - Lajoie des Finances Inc.\" \/>\n<meta property=\"og:description\" content=\"L&rsquo;art de vous simplifier la vie Lajoie des Finances Inc. est une entreprise qui vous simplifie la vie au niveau de vos finances, en prenant soin de vous guider et de coordonner l&rsquo;atteinte de vos objectifs, \u00e0 court, moyen et long terme, afin de r\u00e9aliser ce qui est le plus important pour vous, entre autre,&hellip;\" \/>\n<meta property=\"og:url\" content=\"https:\/\/lajoiedesfinances.com\/WP2015\/\" \/>\n<meta property=\"og:site_name\" content=\"Lajoie des Finances Inc.\" \/>\n<meta property=\"article:modified_time\" content=\"2025-11-22T18:21:41+00:00\" \/>\n<meta property=\"og:image\" content=\"http:\/\/lajoiedesfinances.com\/WP2015\/wp-content\/uploads\/2025\/11\/image001_01DBBEB70BB203F0-003.png\" \/>\n<meta name=\"twitter:card\" content=\"summary\" \/>\n<script type=\"application\/ld+json\" class=\"yoast-schema-graph\">{\"@context\":\"https:\/\/schema.org\",\"@graph\":[{\"@type\":\"WebSite\",\"@id\":\"http:\/\/lajoiedesfinances.com\/WP2015\/#website\",\"url\":\"http:\/\/lajoiedesfinances.com\/WP2015\/\",\"name\":\"Lajoie des Finances Inc.\",\"description\":\"Cabinet de services financiers\",\"potentialAction\":[{\"@type\":\"SearchAction\",\"target\":\"http:\/\/lajoiedesfinances.com\/WP2015\/?s={search_term_string}\",\"query-input\":\"required name=search_term_string\"}],\"inLanguage\":\"fr-FR\"},{\"@type\":\"ImageObject\",\"@id\":\"https:\/\/lajoiedesfinances.com\/WP2015\/#primaryimage\",\"inLanguage\":\"fr-FR\",\"url\":\"http:\/\/lajoiedesfinances.com\/WP2015\/wp-content\/uploads\/2025\/11\/image001_01DBBEB70BB203F0-003.png\",\"width\":125,\"height\":87},{\"@type\":\"WebPage\",\"@id\":\"https:\/\/lajoiedesfinances.com\/WP2015\/#webpage\",\"url\":\"https:\/\/lajoiedesfinances.com\/WP2015\/\",\"name\":\"Accueil - Lajoie des Finances Inc.\",\"isPartOf\":{\"@id\":\"http:\/\/lajoiedesfinances.com\/WP2015\/#website\"},\"primaryImageOfPage\":{\"@id\":\"https:\/\/lajoiedesfinances.com\/WP2015\/#primaryimage\"},\"datePublished\":\"2015-10-31T18:40:05+00:00\",\"dateModified\":\"2025-11-22T18:21:41+00:00\",\"inLanguage\":\"fr-FR\",\"potentialAction\":[{\"@type\":\"ReadAction\",\"target\":[\"https:\/\/lajoiedesfinances.com\/WP2015\/\"]}]}]}<\/script>\n<!-- \/ Yoast SEO plugin. -->","_links":{"self":[{"href":"http:\/\/lajoiedesfinances.com\/WP2015\/wp-json\/wp\/v2\/pages\/4"}],"collection":[{"href":"http:\/\/lajoiedesfinances.com\/WP2015\/wp-json\/wp\/v2\/pages"}],"about":[{"href":"http:\/\/lajoiedesfinances.com\/WP2015\/wp-json\/wp\/v2\/types\/page"}],"author":[{"embeddable":true,"href":"http:\/\/lajoiedesfinances.com\/WP2015\/wp-json\/wp\/v2\/users\/1"}],"replies":[{"embeddable":true,"href":"http:\/\/lajoiedesfinances.com\/WP2015\/wp-json\/wp\/v2\/comments?post=4"}],"version-history":[{"count":14,"href":"http:\/\/lajoiedesfinances.com\/WP2015\/wp-json\/wp\/v2\/pages\/4\/revisions"}],"predecessor-version":[{"id":93,"href":"http:\/\/lajoiedesfinances.com\/WP2015\/wp-json\/wp\/v2\/pages\/4\/revisions\/93"}],"wp:attachment":[{"href":"http:\/\/lajoiedesfinances.com\/WP2015\/wp-json\/wp\/v2\/media?parent=4"}],"curies":[{"name":"wp","href":"https:\/\/api.w.org\/{rel}","templated":true}]}}