{"id":24,"date":"2015-10-31T15:28:03","date_gmt":"2015-10-31T19:28:03","guid":{"rendered":"http:\/\/lajoiedesfinances.com\/WP2015\/?page_id=24"},"modified":"2025-11-22T14:22:33","modified_gmt":"2025-11-22T18:22:33","slug":"nous-joindre","status":"publish","type":"page","link":"http:\/\/lajoiedesfinances.com\/WP2015\/nous-joindre\/","title":{"rendered":"Nous joindre"},"content":{"rendered":"\n<p><strong>Pour tous vos besoins en services financiers, contactez-nous pour une premi\u00e8re rencontre d&rsquo;\u00e9valuation sans frais.<\/strong><\/p>\n\n\n\n<div role=\"form\" class=\"wpcf7\" id=\"wpcf7-f48-o1\" lang=\"fr-FR\" dir=\"ltr\">\n<div class=\"screen-reader-response\" role=\"alert\" aria-live=\"polite\"><\/div>\n<form action=\"\/WP2015\/wp-json\/wp\/v2\/pages\/24#wpcf7-f48-o1\" method=\"post\" class=\"wpcf7-form init\" novalidate=\"novalidate\">\n<div style=\"display: none;\">\n<input type=\"hidden\" name=\"_wpcf7\" value=\"48\" \/>\n<input type=\"hidden\" name=\"_wpcf7_version\" value=\"5.2.1\" \/>\n<input type=\"hidden\" name=\"_wpcf7_locale\" value=\"fr_FR\" \/>\n<input type=\"hidden\" name=\"_wpcf7_unit_tag\" value=\"wpcf7-f48-o1\" \/>\n<input type=\"hidden\" name=\"_wpcf7_container_post\" value=\"0\" \/>\n<input type=\"hidden\" name=\"_wpcf7_posted_data_hash\" value=\"\" \/>\n<\/div>\n<p><label> Votre nom (obligatoire)<br \/>\n    <span class=\"wpcf7-form-control-wrap your-name\"><input type=\"text\" name=\"your-name\" value=\"\" size=\"40\" class=\"wpcf7-form-control wpcf7-text wpcf7-validates-as-required\" aria-required=\"true\" aria-invalid=\"false\" \/><\/span> <\/label><\/p>\n<p><label> Votre adresse courriel (obligatoire)<br \/>\n    <span class=\"wpcf7-form-control-wrap your-email\"><input type=\"email\" name=\"your-email\" value=\"\" size=\"40\" class=\"wpcf7-form-control wpcf7-text wpcf7-email wpcf7-validates-as-required wpcf7-validates-as-email\" aria-required=\"true\" aria-invalid=\"false\" \/><\/span> <\/label><\/p>\n<p><label> Votre num\u00e9ro de t\u00e9l\u00e9phone<br \/>\n    <span class=\"wpcf7-form-control-wrap tel-54\"><input type=\"tel\" name=\"tel-54\" value=\"\" size=\"40\" class=\"wpcf7-form-control wpcf7-text wpcf7-tel wpcf7-validates-as-tel\" aria-invalid=\"false\" \/><\/span> <\/label><\/p>\n<p><label> Objet<br \/>\n    <span class=\"wpcf7-form-control-wrap your-subject\"><input type=\"text\" name=\"your-subject\" value=\"\" size=\"40\" class=\"wpcf7-form-control wpcf7-text\" aria-invalid=\"false\" \/><\/span> <\/label><\/p>\n<p><label> Votre message<br \/>\n    <span class=\"wpcf7-form-control-wrap your-message\"><textarea name=\"your-message\" cols=\"40\" rows=\"10\" class=\"wpcf7-form-control wpcf7-textarea\" aria-invalid=\"false\"><\/textarea><\/span> <\/label><\/p>\n<p><input type=\"submit\" value=\"Envoyer\" class=\"wpcf7-form-control wpcf7-submit\" \/><\/p>\n<div class=\"wpcf7-response-output\" role=\"alert\" aria-hidden=\"true\"><\/div><\/form><\/div>\n\n\n\n<p><strong>Lajoie des Finances Inc.<\/strong><br>Cabinet de services financiers<br>70 Grand Boulevard<br>Ile-Perrot, Qu\u00e9bec<br>J7V 4W5<\/p>\n\n\n\n<p>T\u00e9l : 514-892-4433<br>Fax : 514-425-6905<\/p>\n\n\n\n<p><strong><em><a href=\"mailto:pmasse@whitemont.com\">pmasse@whitemont.com<\/a><\/em><\/strong><\/p>\n\n\n\n<p><\/p>\n\n\n\n<p><\/p>\n\n\n\n<p><em>Les fonds communs de placement sont offerts par l\u2019interm\u00e9diaire d\u2019Investia Services financiers inc. Les renseignements pr\u00e9sent\u00e9s ont \u00e9t\u00e9 obtenus de sources que nous estimons fiables mais ils ne sont pas garantis par nous et peuvent \u00eatre incomplets. Les opinions expos\u00e9es n\u2019ont pas \u00e9t\u00e9 approuv\u00e9es et ne sont pas endoss\u00e9es par Investia Services Financiers Inc. Le pr\u00e9sent site internet ne doit pas \u00eatre utilis\u00e9 \u00e0 des fins de sollicitation dans un territoire o\u00f9 ce repr\u00e9sentant d\u2019Investia n\u2019est pas inscrit<\/em>.<\/p>\n\n\n\n<p><\/p>\n\n\n\n<p><a href=\"https:\/\/ia.ca\/politique-protection-renseignements-personnels\" target=\"_blank\" rel=\"noreferrer noopener\">La politique de confidentialit\u00e9 d\u2019Investia<\/a><\/p>\n\n\n\n<p><a href=\"https:\/\/lajoiedesfinances.com\/WP2015\/limitations-de-responsabilite\/\">Limitations de responsabilit\u00e9<\/a><\/p>\n\n\n\n<figure class=\"wp-block-image size-full\"><a href=\"https:\/\/lajoiedesfinances.com\/WP2015\/wp-content\/uploads\/2025\/11\/image001_01DBBEB70BB203F0-003-1.png\"><img decoding=\"async\" loading=\"lazy\" width=\"125\" height=\"87\" src=\"https:\/\/lajoiedesfinances.com\/WP2015\/wp-content\/uploads\/2025\/11\/image001_01DBBEB70BB203F0-003-1.png\" alt=\"\" class=\"wp-image-94\"\/><\/a><\/figure>\n\n\n\n<p><\/p>\n\n\n\n<iframe loading=\"lazy\" src=\"https:\/\/www.google.com\/maps\/embed?pb=!1m18!1m12!1m3!1d2801.6448734546657!2d-73.9604871845722!3d45.396334079100285!2m3!1f0!2f0!3f0!3m2!1i1024!2i768!4f13.1!3m3!1m2!1s0x4cc9386afb581699%3A0x50193fca9f5d1031!2s70%20Grand%20Boulevard%2C%20L'%C3%8Ele-Perrot%2C%20QC%20J7V%204W5!5e0!3m2!1sfr!2sca!4v1597264680540!5m2!1sfr!2sca\" width=\"400\" height=\"300\" frameborder=\"0\" style=\"border:0;\" allowfullscreen=\"\" aria-hidden=\"false\" tabindex=\"0\"><\/iframe>\n","protected":false},"excerpt":{"rendered":"<p>Pour tous vos besoins en services financiers, contactez-nous pour une premi\u00e8re rencontre d&rsquo;\u00e9valuation sans frais. Lajoie des Finances Inc.Cabinet de services financiers70 Grand BoulevardIle-Perrot, Qu\u00e9becJ7V 4W5 T\u00e9l : 514-892-4433Fax : 514-425-6905 pmasse@whitemont.com Les fonds communs de placement sont offerts par l\u2019interm\u00e9diaire d\u2019Investia Services financiers inc. Les renseignements pr\u00e9sent\u00e9s ont \u00e9t\u00e9 obtenus de sources que nous&hellip;<\/p>\n","protected":false},"author":1,"featured_media":0,"parent":0,"menu_order":0,"comment_status":"closed","ping_status":"closed","template":"","meta":[],"yoast_head":"<!-- This site is optimized with the Yoast SEO plugin v14.7 - https:\/\/yoast.com\/wordpress\/plugins\/seo\/ -->\n<meta name=\"robots\" content=\"index, follow\" \/>\n<meta name=\"googlebot\" content=\"index, follow, max-snippet:-1, max-image-preview:large, max-video-preview:-1\" \/>\n<meta name=\"bingbot\" content=\"index, follow, max-snippet:-1, max-image-preview:large, max-video-preview:-1\" \/>\n<link rel=\"canonical\" href=\"https:\/\/lajoiedesfinances.com\/WP2015\/nous-joindre\/\" \/>\n<meta property=\"og:locale\" content=\"fr_FR\" \/>\n<meta property=\"og:type\" content=\"article\" \/>\n<meta property=\"og:title\" content=\"Nous joindre - Lajoie des Finances Inc.\" \/>\n<meta property=\"og:description\" content=\"Pour tous vos besoins en services financiers, contactez-nous pour une premi\u00e8re rencontre d&rsquo;\u00e9valuation sans frais. Lajoie des Finances Inc.Cabinet de services financiers70 Grand BoulevardIle-Perrot, Qu\u00e9becJ7V 4W5 T\u00e9l : 514-892-4433Fax : 514-425-6905 pmasse@whitemont.com Les fonds communs de placement sont offerts par l\u2019interm\u00e9diaire d\u2019Investia Services financiers inc. Les renseignements pr\u00e9sent\u00e9s ont \u00e9t\u00e9 obtenus de sources que nous&hellip;\" \/>\n<meta property=\"og:url\" content=\"https:\/\/lajoiedesfinances.com\/WP2015\/nous-joindre\/\" \/>\n<meta property=\"og:site_name\" content=\"Lajoie des Finances Inc.\" \/>\n<meta property=\"article:modified_time\" content=\"2025-11-22T18:22:33+00:00\" \/>\n<meta property=\"og:image\" content=\"https:\/\/lajoiedesfinances.com\/WP2015\/wp-content\/uploads\/2025\/11\/image001_01DBBEB70BB203F0-003-1.png\" \/>\n<meta name=\"twitter:card\" content=\"summary\" \/>\n<script type=\"application\/ld+json\" class=\"yoast-schema-graph\">{\"@context\":\"https:\/\/schema.org\",\"@graph\":[{\"@type\":\"WebSite\",\"@id\":\"http:\/\/lajoiedesfinances.com\/WP2015\/#website\",\"url\":\"http:\/\/lajoiedesfinances.com\/WP2015\/\",\"name\":\"Lajoie des Finances Inc.\",\"description\":\"Cabinet de services financiers\",\"potentialAction\":[{\"@type\":\"SearchAction\",\"target\":\"http:\/\/lajoiedesfinances.com\/WP2015\/?s={search_term_string}\",\"query-input\":\"required name=search_term_string\"}],\"inLanguage\":\"fr-FR\"},{\"@type\":\"ImageObject\",\"@id\":\"https:\/\/lajoiedesfinances.com\/WP2015\/nous-joindre\/#primaryimage\",\"inLanguage\":\"fr-FR\",\"url\":\"https:\/\/lajoiedesfinances.com\/WP2015\/wp-content\/uploads\/2025\/11\/image001_01DBBEB70BB203F0-003-1.png\"},{\"@type\":\"WebPage\",\"@id\":\"https:\/\/lajoiedesfinances.com\/WP2015\/nous-joindre\/#webpage\",\"url\":\"https:\/\/lajoiedesfinances.com\/WP2015\/nous-joindre\/\",\"name\":\"Nous joindre - Lajoie des Finances Inc.\",\"isPartOf\":{\"@id\":\"http:\/\/lajoiedesfinances.com\/WP2015\/#website\"},\"primaryImageOfPage\":{\"@id\":\"https:\/\/lajoiedesfinances.com\/WP2015\/nous-joindre\/#primaryimage\"},\"datePublished\":\"2015-10-31T19:28:03+00:00\",\"dateModified\":\"2025-11-22T18:22:33+00:00\",\"inLanguage\":\"fr-FR\",\"potentialAction\":[{\"@type\":\"ReadAction\",\"target\":[\"https:\/\/lajoiedesfinances.com\/WP2015\/nous-joindre\/\"]}]}]}<\/script>\n<!-- \/ Yoast SEO plugin. -->","_links":{"self":[{"href":"http:\/\/lajoiedesfinances.com\/WP2015\/wp-json\/wp\/v2\/pages\/24"}],"collection":[{"href":"http:\/\/lajoiedesfinances.com\/WP2015\/wp-json\/wp\/v2\/pages"}],"about":[{"href":"http:\/\/lajoiedesfinances.com\/WP2015\/wp-json\/wp\/v2\/types\/page"}],"author":[{"embeddable":true,"href":"http:\/\/lajoiedesfinances.com\/WP2015\/wp-json\/wp\/v2\/users\/1"}],"replies":[{"embeddable":true,"href":"http:\/\/lajoiedesfinances.com\/WP2015\/wp-json\/wp\/v2\/comments?post=24"}],"version-history":[{"count":16,"href":"http:\/\/lajoiedesfinances.com\/WP2015\/wp-json\/wp\/v2\/pages\/24\/revisions"}],"predecessor-version":[{"id":95,"href":"http:\/\/lajoiedesfinances.com\/WP2015\/wp-json\/wp\/v2\/pages\/24\/revisions\/95"}],"wp:attachment":[{"href":"http:\/\/lajoiedesfinances.com\/WP2015\/wp-json\/wp\/v2\/media?parent=24"}],"curies":[{"name":"wp","href":"https:\/\/api.w.org\/{rel}","templated":true}]}}