{"id":17,"date":"2015-10-31T15:18:44","date_gmt":"2015-10-31T19:18:44","guid":{"rendered":"http:\/\/lajoiedesfinances.com\/WP2015\/?page_id=17"},"modified":"2025-11-22T14:23:21","modified_gmt":"2025-11-22T18:23:21","slug":"produits","status":"publish","type":"page","link":"http:\/\/lajoiedesfinances.com\/WP2015\/produits\/","title":{"rendered":"Produits"},"content":{"rendered":"<h2>Pour en profiter de votre vivant:<\/h2>\n<ul>\n<li>Budget et bilan<\/li>\n<li>Abris fiscaux (Contrat universel, rente prescrite, pr\u00eat-levier,\u00a0rente dos-\u00e0-dos, S\u00e9rie T, fonds incorpor\u00e9s, etc&#8230;)<\/li>\n<li>Placements en dividendes et\/ou gain de capital pour\u00a0\u00e9conomiser de l&rsquo;imp\u00f4t \u00e0 chaque ann\u00e9e<br \/>Fonds mutuels, fonds distincts, fonds d&rsquo;obligation, d\u00e9p\u00f4ts \u00e0 terme, C.P.G., etc&#8230;<\/li>\n<li>Rapports d&rsquo;imp\u00f4ts personnels<\/li>\n<li>Rel\u00e8ve d&rsquo;entreprise et financement<\/li>\n<li>Convention entre actionnaires<\/li>\n<\/ul>\n<h2>Pour votre retraite:<\/h2>\n<ul>\n<li>RE\u00c9R (R\u00e9gime Enregistr\u00e9 d&rsquo;\u00c9pargne Retraite)<\/li>\n<li>FERR (Fonds Enregistr\u00e9 de Revenus de Retraite)<\/li>\n<li>FRV (Fonds de Revenus Viagers)<\/li>\n<li>CRI (Compte de Retraite Immobilis\u00e9)<\/li>\n<li>RRI (R\u00e9gime de Retraite Individuel)<\/li>\n<li>Abris fiscaux (Contrat universel, rente prescrite, pr\u00eat-levier,\u00a0rente dos-\u00e0-dos, S\u00e9rie T, fonds incorpor\u00e9s, etc&#8230;)<\/li>\n<li>Rentes conjointes, viag\u00e8res, r\u00e9versibles, \u00e0 risque tar\u00e9, etc&#8230;<\/li>\n<\/ul>\n<h2>Pour votre protection:<\/h2>\n<ul>\n<li>Assurance-invalidit\u00e9<\/li>\n<li>Assurances maladies graves<\/li>\n<li>Assurances soins de longue dur\u00e9e<\/li>\n<li>Testament ordinaire ou fiduciaire<\/li>\n<li>Mandat en cas d&rsquo;inaptitude<\/li>\n<li>Fiducies entre vifs ou de protection d&rsquo;actifs<\/li>\n<\/ul>\n\n\n<p><\/p>\n\n\n\n<p><\/p>\n\n\n\n<p><em>Les fonds communs de placement sont offerts par l\u2019interm\u00e9diaire d\u2019Investia Services financiers inc. Les renseignements pr\u00e9sent\u00e9s ont \u00e9t\u00e9 obtenus de sources que nous estimons fiables mais ils ne sont pas garantis par nous et peuvent \u00eatre incomplets. Les opinions expos\u00e9es n\u2019ont pas \u00e9t\u00e9 approuv\u00e9es et ne sont pas endoss\u00e9es par Investia Services Financiers Inc. Le pr\u00e9sent site internet ne doit pas \u00eatre utilis\u00e9 \u00e0 des fins de sollicitation dans un territoire o\u00f9 ce repr\u00e9sentant d\u2019Investia n\u2019est pas inscrit<\/em>.<\/p>\n\n\n\n<p><a href=\"https:\/\/ia.ca\/politique-protection-renseignements-personnels\">La politique de confidentialit\u00e9 d\u2019Investia<\/a><\/p>\n\n\n\n<p><a href=\"https:\/\/lajoiedesfinances.com\/WP2015\/limitations-de-responsabilite\/\">Limitations de responsabilit\u00e9<\/a><\/p>\n\n\n\n<p><\/p>\n\n\n\n<figure class=\"wp-block-image size-full\"><a href=\"https:\/\/lajoiedesfinances.com\/WP2015\/wp-content\/uploads\/2025\/11\/image001_01DBBEB70BB203F0-003-2.png\"><img decoding=\"async\" loading=\"lazy\" width=\"125\" height=\"87\" src=\"https:\/\/lajoiedesfinances.com\/WP2015\/wp-content\/uploads\/2025\/11\/image001_01DBBEB70BB203F0-003-2.png\" alt=\"\" class=\"wp-image-96\"\/><\/a><\/figure>\n","protected":false},"excerpt":{"rendered":"<p>Pour en profiter de votre vivant: Budget et bilan Abris fiscaux (Contrat universel, rente prescrite, pr\u00eat-levier,\u00a0rente dos-\u00e0-dos, S\u00e9rie T, fonds incorpor\u00e9s, etc&#8230;) Placements en dividendes et\/ou gain de capital pour\u00a0\u00e9conomiser de l&rsquo;imp\u00f4t \u00e0 chaque ann\u00e9eFonds mutuels, fonds distincts, fonds d&rsquo;obligation, d\u00e9p\u00f4ts \u00e0 terme, C.P.G., etc&#8230; Rapports d&rsquo;imp\u00f4ts personnels Rel\u00e8ve d&rsquo;entreprise et financement Convention entre actionnaires&hellip;<\/p>\n","protected":false},"author":1,"featured_media":0,"parent":0,"menu_order":0,"comment_status":"closed","ping_status":"closed","template":"","meta":[],"yoast_head":"<!-- This site is optimized with the Yoast SEO plugin v14.7 - https:\/\/yoast.com\/wordpress\/plugins\/seo\/ -->\n<meta name=\"robots\" content=\"index, follow\" \/>\n<meta name=\"googlebot\" content=\"index, follow, max-snippet:-1, max-image-preview:large, max-video-preview:-1\" \/>\n<meta name=\"bingbot\" content=\"index, follow, max-snippet:-1, max-image-preview:large, max-video-preview:-1\" \/>\n<link rel=\"canonical\" href=\"https:\/\/lajoiedesfinances.com\/WP2015\/produits\/\" \/>\n<meta property=\"og:locale\" content=\"fr_FR\" \/>\n<meta property=\"og:type\" content=\"article\" \/>\n<meta property=\"og:title\" content=\"Produits - Lajoie des Finances Inc.\" \/>\n<meta property=\"og:description\" content=\"Pour en profiter de votre vivant: Budget et bilan Abris fiscaux (Contrat universel, rente prescrite, pr\u00eat-levier,\u00a0rente dos-\u00e0-dos, S\u00e9rie T, fonds incorpor\u00e9s, etc&#8230;) Placements en dividendes et\/ou gain de capital pour\u00a0\u00e9conomiser de l&rsquo;imp\u00f4t \u00e0 chaque ann\u00e9eFonds mutuels, fonds distincts, fonds d&rsquo;obligation, d\u00e9p\u00f4ts \u00e0 terme, C.P.G., etc&#8230; Rapports d&rsquo;imp\u00f4ts personnels Rel\u00e8ve d&rsquo;entreprise et financement Convention entre actionnaires&hellip;\" \/>\n<meta property=\"og:url\" content=\"https:\/\/lajoiedesfinances.com\/WP2015\/produits\/\" \/>\n<meta property=\"og:site_name\" content=\"Lajoie des Finances Inc.\" \/>\n<meta property=\"article:modified_time\" content=\"2025-11-22T18:23:21+00:00\" \/>\n<meta property=\"og:image\" content=\"https:\/\/lajoiedesfinances.com\/WP2015\/wp-content\/uploads\/2025\/11\/image001_01DBBEB70BB203F0-003-2.png\" \/>\n<meta name=\"twitter:card\" content=\"summary\" \/>\n<script type=\"application\/ld+json\" class=\"yoast-schema-graph\">{\"@context\":\"https:\/\/schema.org\",\"@graph\":[{\"@type\":\"WebSite\",\"@id\":\"http:\/\/lajoiedesfinances.com\/WP2015\/#website\",\"url\":\"http:\/\/lajoiedesfinances.com\/WP2015\/\",\"name\":\"Lajoie des Finances Inc.\",\"description\":\"Cabinet de services financiers\",\"potentialAction\":[{\"@type\":\"SearchAction\",\"target\":\"http:\/\/lajoiedesfinances.com\/WP2015\/?s={search_term_string}\",\"query-input\":\"required name=search_term_string\"}],\"inLanguage\":\"fr-FR\"},{\"@type\":\"ImageObject\",\"@id\":\"https:\/\/lajoiedesfinances.com\/WP2015\/produits\/#primaryimage\",\"inLanguage\":\"fr-FR\",\"url\":\"https:\/\/lajoiedesfinances.com\/WP2015\/wp-content\/uploads\/2025\/11\/image001_01DBBEB70BB203F0-003-2.png\"},{\"@type\":\"WebPage\",\"@id\":\"https:\/\/lajoiedesfinances.com\/WP2015\/produits\/#webpage\",\"url\":\"https:\/\/lajoiedesfinances.com\/WP2015\/produits\/\",\"name\":\"Produits - Lajoie des Finances Inc.\",\"isPartOf\":{\"@id\":\"http:\/\/lajoiedesfinances.com\/WP2015\/#website\"},\"primaryImageOfPage\":{\"@id\":\"https:\/\/lajoiedesfinances.com\/WP2015\/produits\/#primaryimage\"},\"datePublished\":\"2015-10-31T19:18:44+00:00\",\"dateModified\":\"2025-11-22T18:23:21+00:00\",\"inLanguage\":\"fr-FR\",\"potentialAction\":[{\"@type\":\"ReadAction\",\"target\":[\"https:\/\/lajoiedesfinances.com\/WP2015\/produits\/\"]}]}]}<\/script>\n<!-- \/ Yoast SEO plugin. -->","_links":{"self":[{"href":"http:\/\/lajoiedesfinances.com\/WP2015\/wp-json\/wp\/v2\/pages\/17"}],"collection":[{"href":"http:\/\/lajoiedesfinances.com\/WP2015\/wp-json\/wp\/v2\/pages"}],"about":[{"href":"http:\/\/lajoiedesfinances.com\/WP2015\/wp-json\/wp\/v2\/types\/page"}],"author":[{"embeddable":true,"href":"http:\/\/lajoiedesfinances.com\/WP2015\/wp-json\/wp\/v2\/users\/1"}],"replies":[{"embeddable":true,"href":"http:\/\/lajoiedesfinances.com\/WP2015\/wp-json\/wp\/v2\/comments?post=17"}],"version-history":[{"count":11,"href":"http:\/\/lajoiedesfinances.com\/WP2015\/wp-json\/wp\/v2\/pages\/17\/revisions"}],"predecessor-version":[{"id":97,"href":"http:\/\/lajoiedesfinances.com\/WP2015\/wp-json\/wp\/v2\/pages\/17\/revisions\/97"}],"wp:attachment":[{"href":"http:\/\/lajoiedesfinances.com\/WP2015\/wp-json\/wp\/v2\/media?parent=17"}],"curies":[{"name":"wp","href":"https:\/\/api.w.org\/{rel}","templated":true}]}}